{"id":1315,"date":"2020-08-16T18:52:08","date_gmt":"2020-08-16T18:52:08","guid":{"rendered":"https:\/\/riseandwarm.com\/?page_id=1315"},"modified":"2025-05-03T18:26:57","modified_gmt":"2025-05-03T18:26:57","slug":"iade-politikasi","status":"publish","type":"page","link":"https:\/\/riseandwarm.com\/tr\/iade-politikasi\/","title":{"rendered":"\u0130ade Politikas\u0131"},"content":{"rendered":"\n<h1 class=\"wp-block-heading\">\u0130ade Politikas\u0131<\/h1>\n\n\n\n<p>Rise &amp; Warm olarak, yapt\u0131\u011f\u0131n\u0131z al\u0131\u015fveri\u015fte kendinizi tamamen g\u00fcvende hissetmenizi istiyoruz.Herhangi bir nedenle sipari\u015f etti\u011finiz \u00fcr\u00fcnden memnun kalmazsan\u0131z, \u00fcr\u00fcn\u00fc teslimat tarihinden itibaren\u00a0<strong>15 g\u00fcn i\u00e7inde<\/strong>\u00a0iade edebilirsiniz. A\u015fa\u011f\u0131daki ko\u015fullar\u0131n eksiksiz kar\u015f\u0131lanmas\u0131 gerekmektedir:<\/p>\n\n\n\n<ul class=\"wp-block-list\">\n<li>\u00dcr\u00fcn giyilmemi\u015f, kullan\u0131lmam\u0131\u015f ve orijinal halinde olmal\u0131d\u0131r,<\/li>\n\n\n\n<li>\u00dczerindeki t\u00fcm etiketler ve orijinal ambalaj\u0131 eksiksiz \u015fekilde korunmu\u015f olmal\u0131d\u0131r,<\/li>\n\n\n\n<li>\u00dcr\u00fcn, size ula\u015ft\u0131\u011f\u0131 \u015fekilde ve t\u00fcm aksesuarlar\u0131yla birlikte iade edilmelidir,<\/li>\n\n\n\n<li>Fatura veya sipari\u015fe dair belge iade kargosuna eklenmelidir.<\/li>\n<\/ul>\n\n\n\n<p>Fatura veya sipari\u015fe dair belge iade kargosuna eklenmelidir.\u0130adeniz elimize ula\u015ft\u0131\u011f\u0131nda ve kontrol edildikten sonra size e-posta yoluyla bilgi verilir.<\/p>\n\n\n\n<p>\u0130ade onayland\u0131\u011f\u0131 takdirde, \u00fccret iadesi\u00a0<strong>10 i\u015f g\u00fcn\u00fc i\u00e7inde<\/strong>\u00a0orijinal \u00f6deme y\u00f6nteminize yap\u0131l\u0131r.<\/p>\n\n\n\n<p><strong>Kargo \u00fccretleri iade edilmez<\/strong>\u00a0\u2013 yaln\u0131zca kusurlu ya da yanl\u0131\u015f g\u00f6nderilen \u00fcr\u00fcnlerde bu masraf bize aittir.<\/p>\n\n\n\n<h2 class=\"wp-block-heading\"><strong>\u0130ade G\u00f6nderim \u00dccreti ve Sorumluluk<\/strong><\/h2>\n\n\n\n<p>\u0130ade g\u00f6nderim \u00fccretleri m\u00fc\u015fteriye aittir.<\/p>\n\n\n\n<p>\u0130ade s\u00fcrecinde kaybolan ya da hasar g\u00f6ren \u00fcr\u00fcnlerden\u00a0<strong>Rise &amp; Warm sorumlu de\u011fildir.<\/strong><br>Bu nedenle\u00a0<strong>takip edilebilir kargo servisi kullanman\u0131z\u0131 ve dilerseniz sigorta yapt\u0131rman\u0131z\u0131<\/strong>\u00a0\u00f6neririz.<\/p>\n\n\n\n<h2 class=\"wp-block-heading\"><strong>De\u011fi\u015fim<\/strong><\/h2>\n\n\n\n<p>Farkl\u0131 bir beden veya \u00fcr\u00fcn ile de\u011fi\u015fim yapmak isterseniz,\u00a0<strong>\u00fcr\u00fcn\u00fc teslim ald\u0131ktan sonraki 15 g\u00fcn i\u00e7inde<\/strong>\u00a0bizimle\u00a0<strong><a href=\"mailto:info@riseandwarm.com\">info@riseandwarm.com<\/a><\/strong>\u00a0adresinden ileti\u015fime ge\u00e7ebilirsiniz.<\/p>\n\n\n\n<p>De\u011fi\u015fim ko\u015fullar\u0131, iade ko\u015fullar\u0131yla ayn\u0131d\u0131r.<\/p>\n\n\n\n<h2 class=\"wp-block-heading\"><strong>\u0130ade G\u00f6nderim Adresi<\/strong><\/h2>\n\n\n\n<p><strong>RISE AND WARM LLC<\/strong><\/p>\n\n\n\n<p>\ud83d\udccd \u0130ade adresi i\u00e7in l\u00fctfen bizimle ileti\u015fime ge\u00e7iniz.<br>\ud83d\udce7 E-posta:\u00a0<strong><a href=\"mailto:info@riseandwarm.com\">info@riseandwarm.com<\/a><\/strong><\/p>\n\n\n\n<h2 class=\"wp-block-heading\"><strong>Notlar<\/strong><\/h2>\n\n\n\n<p>\u015eu anda \u00f6n \u00f6demeli (\u00fccretsiz) iade etiketi sunmamaktay\u0131z.Ki\u015fiye \u00f6zel \u00fcretilmi\u015f, \u00f6zelle\u015ftirilmi\u015f ya da \u00f6zel fiyatl\u0131 \u00fcr\u00fcnlerde iade veya de\u011fi\u015fim yap\u0131lmamaktad\u0131r.<\/p>\n","protected":false},"excerpt":{"rendered":"<p>\u0130ade Politikas\u0131 Rise &amp; Warm olarak, yapt\u0131\u011f\u0131n\u0131z al\u0131\u015fveri\u015fte kendinizi tamamen g\u00fcvende hissetmenizi istiyoruz.Herhangi bir nedenle sipari\u015f etti\u011finiz \u00fcr\u00fcnden memnun kalmazsan\u0131z,<\/p>\n","protected":false},"author":1,"featured_media":0,"parent":0,"menu_order":0,"comment_status":"closed","ping_status":"closed","template":"elementor_header_footer","meta":{"footnotes":""},"class_list":["post-1315","page","type-page","status-publish","hentry"],"yoast_head":"<!-- This site is optimized with the Yoast SEO plugin v27.4 - https:\/\/yoast.com\/product\/yoast-seo-wordpress\/ -->\n<title>\u0130ade Politikas\u0131 - Rise | Warm<\/title>\n<meta name=\"robots\" content=\"index, follow, max-snippet:-1, max-image-preview:large, max-video-preview:-1\" \/>\n<link rel=\"canonical\" href=\"https:\/\/riseandwarm.com\/tr\/iade-politikasi\/\" \/>\n<meta property=\"og:locale\" content=\"tr_TR\" \/>\n<meta property=\"og:type\" content=\"article\" \/>\n<meta property=\"og:title\" content=\"\u0130ade Politikas\u0131 - Rise | Warm\" \/>\n<meta property=\"og:description\" content=\"\u0130ade Politikas\u0131 Rise &amp; Warm olarak, yapt\u0131\u011f\u0131n\u0131z al\u0131\u015fveri\u015fte kendinizi tamamen g\u00fcvende hissetmenizi istiyoruz.Herhangi bir nedenle sipari\u015f etti\u011finiz \u00fcr\u00fcnden memnun kalmazsan\u0131z,\" \/>\n<meta property=\"og:url\" content=\"https:\/\/riseandwarm.com\/tr\/iade-politikasi\/\" \/>\n<meta property=\"og:site_name\" content=\"Rise | Warm\" \/>\n<meta property=\"article:modified_time\" content=\"2025-05-03T18:26:57+00:00\" \/>\n<meta name=\"twitter:card\" content=\"summary_large_image\" \/>\n<meta name=\"twitter:label1\" content=\"Tahmini okuma s\u00fcresi\" \/>\n\t<meta name=\"twitter:data1\" content=\"1 dakika\" \/>\n<script type=\"application\/ld+json\" class=\"yoast-schema-graph\">{\"@context\":\"https:\\\/\\\/schema.org\",\"@graph\":[{\"@type\":\"WebPage\",\"@id\":\"https:\\\/\\\/riseandwarm.com\\\/tr\\\/iade-politikasi\\\/\",\"url\":\"https:\\\/\\\/riseandwarm.com\\\/tr\\\/iade-politikasi\\\/\",\"name\":\"\u0130ade Politikas\u0131 - Rise | Warm\",\"isPartOf\":{\"@id\":\"https:\\\/\\\/riseandwarm.com\\\/tr\\\/#website\"},\"datePublished\":\"2020-08-16T18:52:08+00:00\",\"dateModified\":\"2025-05-03T18:26:57+00:00\",\"breadcrumb\":{\"@id\":\"https:\\\/\\\/riseandwarm.com\\\/tr\\\/iade-politikasi\\\/#breadcrumb\"},\"inLanguage\":\"tr\",\"potentialAction\":[{\"@type\":\"ReadAction\",\"target\":[\"https:\\\/\\\/riseandwarm.com\\\/tr\\\/iade-politikasi\\\/\"]}]},{\"@type\":\"BreadcrumbList\",\"@id\":\"https:\\\/\\\/riseandwarm.com\\\/tr\\\/iade-politikasi\\\/#breadcrumb\",\"itemListElement\":[{\"@type\":\"ListItem\",\"position\":1,\"name\":\"Home\",\"item\":\"https:\\\/\\\/riseandwarm.com\\\/tr\\\/\"},{\"@type\":\"ListItem\",\"position\":2,\"name\":\"\u0130ade Politikas\u0131\"}]},{\"@type\":\"WebSite\",\"@id\":\"https:\\\/\\\/riseandwarm.com\\\/tr\\\/#website\",\"url\":\"https:\\\/\\\/riseandwarm.com\\\/tr\\\/\",\"name\":\"Rise | Warm\",\"description\":\"Free your self\",\"potentialAction\":[{\"@type\":\"SearchAction\",\"target\":{\"@type\":\"EntryPoint\",\"urlTemplate\":\"https:\\\/\\\/riseandwarm.com\\\/tr\\\/?s={search_term_string}\"},\"query-input\":{\"@type\":\"PropertyValueSpecification\",\"valueRequired\":true,\"valueName\":\"search_term_string\"}}],\"inLanguage\":\"tr\"}]}<\/script>\n<!-- \/ Yoast SEO plugin. -->","yoast_head_json":{"title":"\u0130ade Politikas\u0131 - Rise | Warm","robots":{"index":"index","follow":"follow","max-snippet":"max-snippet:-1","max-image-preview":"max-image-preview:large","max-video-preview":"max-video-preview:-1"},"canonical":"https:\/\/riseandwarm.com\/tr\/iade-politikasi\/","og_locale":"tr_TR","og_type":"article","og_title":"\u0130ade Politikas\u0131 - Rise | Warm","og_description":"\u0130ade Politikas\u0131 Rise &amp; Warm olarak, yapt\u0131\u011f\u0131n\u0131z al\u0131\u015fveri\u015fte kendinizi tamamen g\u00fcvende hissetmenizi istiyoruz.Herhangi bir nedenle sipari\u015f etti\u011finiz \u00fcr\u00fcnden memnun kalmazsan\u0131z,","og_url":"https:\/\/riseandwarm.com\/tr\/iade-politikasi\/","og_site_name":"Rise | Warm","article_modified_time":"2025-05-03T18:26:57+00:00","twitter_card":"summary_large_image","twitter_misc":{"Tahmini okuma s\u00fcresi":"1 dakika"},"schema":{"@context":"https:\/\/schema.org","@graph":[{"@type":"WebPage","@id":"https:\/\/riseandwarm.com\/tr\/iade-politikasi\/","url":"https:\/\/riseandwarm.com\/tr\/iade-politikasi\/","name":"\u0130ade Politikas\u0131 - Rise | Warm","isPartOf":{"@id":"https:\/\/riseandwarm.com\/tr\/#website"},"datePublished":"2020-08-16T18:52:08+00:00","dateModified":"2025-05-03T18:26:57+00:00","breadcrumb":{"@id":"https:\/\/riseandwarm.com\/tr\/iade-politikasi\/#breadcrumb"},"inLanguage":"tr","potentialAction":[{"@type":"ReadAction","target":["https:\/\/riseandwarm.com\/tr\/iade-politikasi\/"]}]},{"@type":"BreadcrumbList","@id":"https:\/\/riseandwarm.com\/tr\/iade-politikasi\/#breadcrumb","itemListElement":[{"@type":"ListItem","position":1,"name":"Home","item":"https:\/\/riseandwarm.com\/tr\/"},{"@type":"ListItem","position":2,"name":"\u0130ade Politikas\u0131"}]},{"@type":"WebSite","@id":"https:\/\/riseandwarm.com\/tr\/#website","url":"https:\/\/riseandwarm.com\/tr\/","name":"Rise | Warm","description":"Free your self","potentialAction":[{"@type":"SearchAction","target":{"@type":"EntryPoint","urlTemplate":"https:\/\/riseandwarm.com\/tr\/?s={search_term_string}"},"query-input":{"@type":"PropertyValueSpecification","valueRequired":true,"valueName":"search_term_string"}}],"inLanguage":"tr"}]}},"_links":{"self":[{"href":"https:\/\/riseandwarm.com\/tr\/wp-json\/wp\/v2\/pages\/1315","targetHints":{"allow":["GET"]}}],"collection":[{"href":"https:\/\/riseandwarm.com\/tr\/wp-json\/wp\/v2\/pages"}],"about":[{"href":"https:\/\/riseandwarm.com\/tr\/wp-json\/wp\/v2\/types\/page"}],"author":[{"embeddable":true,"href":"https:\/\/riseandwarm.com\/tr\/wp-json\/wp\/v2\/users\/1"}],"replies":[{"embeddable":true,"href":"https:\/\/riseandwarm.com\/tr\/wp-json\/wp\/v2\/comments?post=1315"}],"version-history":[{"count":2,"href":"https:\/\/riseandwarm.com\/tr\/wp-json\/wp\/v2\/pages\/1315\/revisions"}],"predecessor-version":[{"id":23856,"href":"https:\/\/riseandwarm.com\/tr\/wp-json\/wp\/v2\/pages\/1315\/revisions\/23856"}],"wp:attachment":[{"href":"https:\/\/riseandwarm.com\/tr\/wp-json\/wp\/v2\/media?parent=1315"}],"curies":[{"name":"wp","href":"https:\/\/api.w.org\/{rel}","templated":true}]}}